{"id":204,"date":"2021-12-04T16:54:58","date_gmt":"2021-12-04T13:54:58","guid":{"rendered":"https:\/\/www.sirketgelisimakademisi.com\/?page_id=204"},"modified":"2023-09-16T12:00:20","modified_gmt":"2023-09-16T09:00:20","slug":"neden-sirket-gelisim-akademisi","status":"publish","type":"page","link":"https:\/\/www.sirketgelisimakademisi.com\/index.php\/neden-sirket-gelisim-akademisi\/","title":{"rendered":"Neden \u015eirket Geli\u015fim Akademisi?"},"content":{"rendered":"\t\t<div data-elementor-type=\"wp-page\" data-elementor-id=\"204\" class=\"elementor elementor-204\">\n\t\t\t\t\t\t<section class=\"elementor-section elementor-top-section elementor-element elementor-element-c279930 elementor-section-content-middle elementor-section-full_width elementor-section-stretched elementor-section-height-default elementor-section-height-default\" data-id=\"c279930\" data-element_type=\"section\" data-e-type=\"section\" data-settings=\"{&quot;background_background&quot;:&quot;classic&quot;,&quot;stretch_section&quot;:&quot;section-stretched&quot;}\">\n\t\t\t\t\t\t\t<div class=\"elementor-background-overlay\"><\/div>\n\t\t\t\t\t\t\t<div class=\"elementor-container elementor-column-gap-default\">\n\t\t\t\t\t<div class=\"elementor-column elementor-col-100 elementor-top-column elementor-element elementor-element-bcc5e85\" data-id=\"bcc5e85\" data-element_type=\"column\" data-e-type=\"column\">\n\t\t\t<div class=\"elementor-widget-wrap elementor-element-populated\">\n\t\t\t\t\t\t<div class=\"elementor-element elementor-element-1cf238c elementor-widget elementor-widget-heading\" data-id=\"1cf238c\" data-element_type=\"widget\" data-e-type=\"widget\" data-widget_type=\"heading.default\">\n\t\t\t\t<div class=\"elementor-widget-container\">\n\t\t\t\t\t<h4 class=\"elementor-heading-title elementor-size-default\">\u201cKu\u015faktan ku\u015fa\u011fa ge\u00e7en aile i\u015fi i\u00e7in, bireylerin birer \u00f6\u011frenci gibi&nbsp;e\u011fitim almalar\u0131 gerekiyor.\u201d<\/h4>\t\t\t\t<\/div>\n\t\t\t\t<\/div>\n\t\t\t\t<div class=\"elementor-element elementor-element-6959339 elementor-widget elementor-widget-heading\" data-id=\"6959339\" data-element_type=\"widget\" data-e-type=\"widget\" data-widget_type=\"heading.default\">\n\t\t\t\t<div class=\"elementor-widget-container\">\n\t\t\t\t\t<h5 class=\"elementor-heading-title elementor-size-default\">JOHN L. WARD, A\u0130LE \u0130\u015eLETMELER\u0130 KONUSUNDA Y\u00d6NET\u0130M GURUSU<\/h5>\t\t\t\t<\/div>\n\t\t\t\t<\/div>\n\t\t\t\t\t<\/div>\n\t\t<\/div>\n\t\t\t\t\t<\/div>\n\t\t<\/section>\n\t\t\t\t<section class=\"elementor-section elementor-top-section elementor-element elementor-element-3a7aa16b elementor-section-content-middle elementor-section-boxed elementor-section-height-default elementor-section-height-default\" data-id=\"3a7aa16b\" data-element_type=\"section\" data-e-type=\"section\">\n\t\t\t\t\t\t<div class=\"elementor-container elementor-column-gap-no\">\n\t\t\t\t\t<div class=\"elementor-column elementor-col-50 elementor-top-column elementor-element elementor-element-22816537\" data-id=\"22816537\" data-element_type=\"column\" data-e-type=\"column\">\n\t\t\t<div class=\"elementor-widget-wrap elementor-element-populated\">\n\t\t\t\t\t\t<div class=\"elementor-element elementor-element-5028dada elementor-widget elementor-widget-text-editor\" data-id=\"5028dada\" data-element_type=\"widget\" data-e-type=\"widget\" data-widget_type=\"text-editor.default\">\n\t\t\t\t<div class=\"elementor-widget-container\">\n\t\t\t\t\t\t\t\t\t<p>Neden Biz?<\/p>\t\t\t\t\t\t\t\t<\/div>\n\t\t\t\t<\/div>\n\t\t\t\t<div class=\"elementor-element elementor-element-faef7b9 elementor-widget elementor-widget-heading\" data-id=\"faef7b9\" data-element_type=\"widget\" data-e-type=\"widget\" data-widget_type=\"heading.default\">\n\t\t\t\t<div class=\"elementor-widget-container\">\n\t\t\t\t\t<h3 class=\"elementor-heading-title elementor-size-default\">G\u00fc\u00e7l\u00fc uzman kadro<\/h3>\t\t\t\t<\/div>\n\t\t\t\t<\/div>\n\t\t\t\t<div class=\"elementor-element elementor-element-581c5c08 elementor-widget-divider--view-line elementor-widget elementor-widget-divider\" data-id=\"581c5c08\" data-element_type=\"widget\" data-e-type=\"widget\" data-widget_type=\"divider.default\">\n\t\t\t\t<div class=\"elementor-widget-container\">\n\t\t\t\t\t\t\t<div class=\"elementor-divider\">\n\t\t\t<span class=\"elementor-divider-separator\">\n\t\t\t\t\t\t<\/span>\n\t\t<\/div>\n\t\t\t\t\t\t<\/div>\n\t\t\t\t<\/div>\n\t\t\t\t\t<\/div>\n\t\t<\/div>\n\t\t\t\t<div class=\"elementor-column elementor-col-50 elementor-top-column elementor-element elementor-element-39b4a06\" data-id=\"39b4a06\" data-element_type=\"column\" data-e-type=\"column\">\n\t\t\t<div class=\"elementor-widget-wrap elementor-element-populated\">\n\t\t\t\t\t\t<div class=\"elementor-element elementor-element-11ee3a7d elementor-position-inline-start elementor-view-default elementor-mobile-position-block-start elementor-widget elementor-widget-icon-box\" data-id=\"11ee3a7d\" data-element_type=\"widget\" data-e-type=\"widget\" data-widget_type=\"icon-box.default\">\n\t\t\t\t<div class=\"elementor-widget-container\">\n\t\t\t\t\t\t\t<div class=\"elementor-icon-box-wrapper\">\n\n\t\t\t\t\t\t<div class=\"elementor-icon-box-icon\">\n\t\t\t\t<span  class=\"elementor-icon elementor-animation-grow\">\n\t\t\t\t<i aria-hidden=\"true\" class=\"fas fa-star\"><\/i>\t\t\t\t<\/span>\n\t\t\t<\/div>\n\t\t\t\n\t\t\t\t\t\t<div class=\"elementor-icon-box-content\">\n\n\t\t\t\t\t\t\t\t\t<h3 class=\"elementor-icon-box-title\">\n\t\t\t\t\t\t<span  >\n\t\t\t\t\t\t\t20+ Y\u0131ll\u0131k Deneyim\t\t\t\t\t\t<\/span>\n\t\t\t\t\t<\/h3>\n\t\t\t\t\n\t\t\t\t\t\t\t\t\t<p class=\"elementor-icon-box-description\">\n\t\t\t\t\t\tDan\u0131\u015fman ve e\u011fitmenlerimiz kendi alanlar\u0131nda 20 y\u0131ldan fazlad\u0131r profesyonel deneyim sahibidir.\t\t\t\t\t<\/p>\n\t\t\t\t\n\t\t\t<\/div>\n\t\t\t\n\t\t<\/div>\n\t\t\t\t\t\t<\/div>\n\t\t\t\t<\/div>\n\t\t\t\t<div class=\"elementor-element elementor-element-7f2db404 elementor-position-inline-start elementor-view-default elementor-mobile-position-block-start elementor-widget elementor-widget-icon-box\" data-id=\"7f2db404\" data-element_type=\"widget\" data-e-type=\"widget\" data-widget_type=\"icon-box.default\">\n\t\t\t\t<div class=\"elementor-widget-container\">\n\t\t\t\t\t\t\t<div class=\"elementor-icon-box-wrapper\">\n\n\t\t\t\t\t\t<div class=\"elementor-icon-box-icon\">\n\t\t\t\t<span  class=\"elementor-icon elementor-animation-grow\">\n\t\t\t\t<i aria-hidden=\"true\" class=\"fas fa-star\"><\/i>\t\t\t\t<\/span>\n\t\t\t<\/div>\n\t\t\t\n\t\t\t\t\t\t<div class=\"elementor-icon-box-content\">\n\n\t\t\t\t\t\t\t\t\t<h3 class=\"elementor-icon-box-title\">\n\t\t\t\t\t\t<span  >\n\t\t\t\t\t\t\tFarkl\u0131 Uzmanl\u0131klar\t\t\t\t\t\t<\/span>\n\t\t\t\t\t<\/h3>\n\t\t\t\t\n\t\t\t\t\t\t\t\t\t<p class=\"elementor-icon-box-description\">\n\t\t\t\t\t\tDan\u0131\u015fman ve e\u011fitimenlerimiz y\u00f6netim dan\u0131\u015fmanl\u0131\u011f\u0131n\u0131n farkl\u0131 alanlar\u0131nda birbirini tamamlayan uzmanl\u0131k derinli\u011fine sahiptir.\t\t\t\t\t<\/p>\n\t\t\t\t\n\t\t\t<\/div>\n\t\t\t\n\t\t<\/div>\n\t\t\t\t\t\t<\/div>\n\t\t\t\t<\/div>\n\t\t\t\t<div class=\"elementor-element elementor-element-303562d elementor-position-inline-start elementor-view-default elementor-mobile-position-block-start elementor-widget elementor-widget-icon-box\" data-id=\"303562d\" data-element_type=\"widget\" data-e-type=\"widget\" data-widget_type=\"icon-box.default\">\n\t\t\t\t<div class=\"elementor-widget-container\">\n\t\t\t\t\t\t\t<div class=\"elementor-icon-box-wrapper\">\n\n\t\t\t\t\t\t<div class=\"elementor-icon-box-icon\">\n\t\t\t\t<span  class=\"elementor-icon elementor-animation-grow\">\n\t\t\t\t<i aria-hidden=\"true\" class=\"fas fa-star\"><\/i>\t\t\t\t<\/span>\n\t\t\t<\/div>\n\t\t\t\n\t\t\t\t\t\t<div class=\"elementor-icon-box-content\">\n\n\t\t\t\t\t\t\t\t\t<h3 class=\"elementor-icon-box-title\">\n\t\t\t\t\t\t<span  >\n\t\t\t\t\t\t\tSayg\u0131n \u015eirketlerde Deneyim\t\t\t\t\t\t<\/span>\n\t\t\t\t\t<\/h3>\n\t\t\t\t\n\t\t\t\t\t\t\t\t\t<p class=\"elementor-icon-box-description\">\n\t\t\t\t\t\tDan\u0131\u015fman ve e\u011fitmenlerimiz T\u00fcrkiye'nin en sayg\u0131n ve k\u00f6kl\u00fc \u015firketlerinde \u00e7al\u0131\u015farak g\u00fc\u00e7l\u00fc kurumsal y\u00f6netim deneyimi kazand\u0131lar.\t\t\t\t\t<\/p>\n\t\t\t\t\n\t\t\t<\/div>\n\t\t\t\n\t\t<\/div>\n\t\t\t\t\t\t<\/div>\n\t\t\t\t<\/div>\n\t\t\t\t\t<\/div>\n\t\t<\/div>\n\t\t\t\t\t<\/div>\n\t\t<\/section>\n\t\t\t\t<section class=\"elementor-section elementor-top-section elementor-element elementor-element-36efadd0 elementor-section-content-middle elementor-section-stretched elementor-section-boxed elementor-section-height-default elementor-section-height-default\" data-id=\"36efadd0\" data-element_type=\"section\" data-e-type=\"section\" data-settings=\"{&quot;background_background&quot;:&quot;classic&quot;,&quot;stretch_section&quot;:&quot;section-stretched&quot;}\">\n\t\t\t\t\t\t<div class=\"elementor-container elementor-column-gap-no\">\n\t\t\t\t\t<div class=\"elementor-column elementor-col-33 elementor-top-column elementor-element elementor-element-4f4d97da\" data-id=\"4f4d97da\" data-element_type=\"column\" data-e-type=\"column\">\n\t\t\t<div class=\"elementor-widget-wrap elementor-element-populated\">\n\t\t\t\t\t\t<div class=\"elementor-element elementor-element-4f9ef24f elementor-widget elementor-widget-text-editor\" data-id=\"4f9ef24f\" data-element_type=\"widget\" data-e-type=\"widget\" data-widget_type=\"text-editor.default\">\n\t\t\t\t<div class=\"elementor-widget-container\">\n\t\t\t\t\t\t\t\t\t<p>Felsefemiz<\/p>\t\t\t\t\t\t\t\t<\/div>\n\t\t\t\t<\/div>\n\t\t\t\t<div class=\"elementor-element elementor-element-67f24dfc elementor-widget elementor-widget-heading\" data-id=\"67f24dfc\" data-element_type=\"widget\" data-e-type=\"widget\" data-widget_type=\"heading.default\">\n\t\t\t\t<div class=\"elementor-widget-container\">\n\t\t\t\t\t<h3 class=\"elementor-heading-title elementor-size-default\">Bal\u0131k tutmay\u0131 \u00f6\u011fretiyoruz<\/h3>\t\t\t\t<\/div>\n\t\t\t\t<\/div>\n\t\t\t\t<div class=\"elementor-element elementor-element-4ecfa3bc elementor-widget-divider--view-line elementor-widget elementor-widget-divider\" data-id=\"4ecfa3bc\" data-element_type=\"widget\" data-e-type=\"widget\" data-widget_type=\"divider.default\">\n\t\t\t\t<div class=\"elementor-widget-container\">\n\t\t\t\t\t\t\t<div class=\"elementor-divider\">\n\t\t\t<span class=\"elementor-divider-separator\">\n\t\t\t\t\t\t<\/span>\n\t\t<\/div>\n\t\t\t\t\t\t<\/div>\n\t\t\t\t<\/div>\n\t\t\t\t\t<\/div>\n\t\t<\/div>\n\t\t\t\t<div class=\"elementor-column elementor-col-33 elementor-top-column elementor-element elementor-element-278c1bcf\" data-id=\"278c1bcf\" data-element_type=\"column\" data-e-type=\"column\">\n\t\t\t<div class=\"elementor-widget-wrap elementor-element-populated\">\n\t\t\t\t\t\t<div class=\"elementor-element elementor-element-2f2c0e6f elementor-widget elementor-widget-image\" data-id=\"2f2c0e6f\" data-element_type=\"widget\" data-e-type=\"widget\" data-widget_type=\"image.default\">\n\t\t\t\t<div class=\"elementor-widget-container\">\n\t\t\t\t\t\t\t\t\t\t\t\t\t\t\t<img fetchpriority=\"high\" decoding=\"async\" width=\"600\" height=\"700\" src=\"https:\/\/www.sirketgelisimakademisi.com\/wp-content\/uploads\/2023\/07\/u2.jpg\" class=\"elementor-animation-grow attachment-full size-full wp-image-1615\" alt=\"\" srcset=\"https:\/\/www.sirketgelisimakademisi.com\/wp-content\/uploads\/2023\/07\/u2.jpg 600w, https:\/\/www.sirketgelisimakademisi.com\/wp-content\/uploads\/2023\/07\/u2-257x300.jpg 257w\" sizes=\"(max-width: 600px) 100vw, 600px\" \/>\t\t\t\t\t\t\t\t\t\t\t\t\t\t\t<\/div>\n\t\t\t\t<\/div>\n\t\t\t\t<div class=\"elementor-element elementor-element-4a69bcb9 elementor-widget elementor-widget-text-editor\" data-id=\"4a69bcb9\" data-element_type=\"widget\" data-e-type=\"widget\" data-widget_type=\"text-editor.default\">\n\t\t\t\t<div class=\"elementor-widget-container\">\n\t\t\t\t\t\t\t\t\t<p>S\u00fcrekli dan\u0131\u015fmana ba\u011fl\u0131 \u00e7al\u0131\u015fan \u015firket \u00e7al\u0131\u015fanlar\u0131 kendilerini geli\u015ftiremezler. Dan\u0131\u015fmanl\u0131k ve e\u011fitim hizmetlerimizde temel hedefimiz \u015firket \u00e7al\u0131\u015fanlar\u0131nda yetkinlik geli\u015fmesini sa\u011flamakt\u0131r.<\/p>\t\t\t\t\t\t\t\t<\/div>\n\t\t\t\t<\/div>\n\t\t\t\t\t<\/div>\n\t\t<\/div>\n\t\t\t\t<div class=\"elementor-column elementor-col-33 elementor-top-column elementor-element elementor-element-50cef8df\" data-id=\"50cef8df\" data-element_type=\"column\" data-e-type=\"column\">\n\t\t\t<div class=\"elementor-widget-wrap elementor-element-populated\">\n\t\t\t\t\t\t<div class=\"elementor-element elementor-element-4661fb elementor-widget elementor-widget-text-editor\" data-id=\"4661fb\" data-element_type=\"widget\" data-e-type=\"widget\" data-widget_type=\"text-editor.default\">\n\t\t\t\t<div class=\"elementor-widget-container\">\n\t\t\t\t\t\t\t\t\t<p>Kal\u0131c\u0131 ve s\u00fcrd\u00fcr\u00fclebilir sistemler olu\u015fturmak dan\u0131\u015fmanl\u0131\u011f\u0131n en y\u00fcksek katma de\u011feridir. \u00d6m\u00fcr boyu de\u011fer \u00fcretmeye devam eder.<\/p>\t\t\t\t\t\t\t\t<\/div>\n\t\t\t\t<\/div>\n\t\t\t\t<div class=\"elementor-element elementor-element-1ea6ca00 elementor-widget elementor-widget-image\" data-id=\"1ea6ca00\" data-element_type=\"widget\" data-e-type=\"widget\" data-widget_type=\"image.default\">\n\t\t\t\t<div class=\"elementor-widget-container\">\n\t\t\t\t\t\t\t\t\t\t\t\t\t\t\t<img decoding=\"async\" width=\"600\" height=\"700\" src=\"https:\/\/www.sirketgelisimakademisi.com\/wp-content\/uploads\/2023\/07\/u3.jpg\" class=\"elementor-animation-grow attachment-full size-full wp-image-1616\" alt=\"\" srcset=\"https:\/\/www.sirketgelisimakademisi.com\/wp-content\/uploads\/2023\/07\/u3.jpg 600w, https:\/\/www.sirketgelisimakademisi.com\/wp-content\/uploads\/2023\/07\/u3-257x300.jpg 257w\" sizes=\"(max-width: 600px) 100vw, 600px\" \/>\t\t\t\t\t\t\t\t\t\t\t\t\t\t\t<\/div>\n\t\t\t\t<\/div>\n\t\t\t\t\t<\/div>\n\t\t<\/div>\n\t\t\t\t\t<\/div>\n\t\t<\/section>\n\t\t\t\t<section class=\"elementor-section elementor-top-section elementor-element elementor-element-523b6fd3 elementor-section-full_width elementor-section-content-middle elementor-section-height-default elementor-section-height-default\" data-id=\"523b6fd3\" data-element_type=\"section\" data-e-type=\"section\">\n\t\t\t\t\t\t<div class=\"elementor-container elementor-column-gap-no\">\n\t\t\t\t\t<div class=\"elementor-column elementor-col-33 elementor-top-column elementor-element elementor-element-13908ea3\" data-id=\"13908ea3\" data-element_type=\"column\" data-e-type=\"column\">\n\t\t\t<div class=\"elementor-widget-wrap elementor-element-populated\">\n\t\t\t\t\t\t<div class=\"elementor-element elementor-element-b464efe elementor-widget elementor-widget-text-editor\" data-id=\"b464efe\" data-element_type=\"widget\" data-e-type=\"widget\" data-widget_type=\"text-editor.default\">\n\t\t\t\t<div class=\"elementor-widget-container\">\n\t\t\t\t\t\t\t\t\t<p>\u00c7\u00f6z\u00fcm tarz\u0131m\u0131z<\/p>\t\t\t\t\t\t\t\t<\/div>\n\t\t\t\t<\/div>\n\t\t\t\t<div class=\"elementor-element elementor-element-35fef31a elementor-widget elementor-widget-heading\" data-id=\"35fef31a\" data-element_type=\"widget\" data-e-type=\"widget\" data-widget_type=\"heading.default\">\n\t\t\t\t<div class=\"elementor-widget-container\">\n\t\t\t\t\t<h3 class=\"elementor-heading-title elementor-size-default\">Butik \u00e7\u00f6z\u00fcmler<\/h3>\t\t\t\t<\/div>\n\t\t\t\t<\/div>\n\t\t\t\t<div class=\"elementor-element elementor-element-36113220 elementor-widget-divider--view-line elementor-widget elementor-widget-divider\" data-id=\"36113220\" data-element_type=\"widget\" data-e-type=\"widget\" data-widget_type=\"divider.default\">\n\t\t\t\t<div class=\"elementor-widget-container\">\n\t\t\t\t\t\t\t<div class=\"elementor-divider\">\n\t\t\t<span class=\"elementor-divider-separator\">\n\t\t\t\t\t\t<\/span>\n\t\t<\/div>\n\t\t\t\t\t\t<\/div>\n\t\t\t\t<\/div>\n\t\t\t\t\t<\/div>\n\t\t<\/div>\n\t\t\t\t<div class=\"elementor-column elementor-col-33 elementor-top-column elementor-element elementor-element-3cac5dff\" data-id=\"3cac5dff\" data-element_type=\"column\" data-e-type=\"column\">\n\t\t\t<div class=\"elementor-widget-wrap elementor-element-populated\">\n\t\t\t\t\t\t<div class=\"elementor-element elementor-element-6243cbba elementor-widget elementor-widget-text-editor\" data-id=\"6243cbba\" data-element_type=\"widget\" data-e-type=\"widget\" data-widget_type=\"text-editor.default\">\n\t\t\t\t<div class=\"elementor-widget-container\">\n\t\t\t\t\t\t\t\t\t<p>M\u00fc\u015fterilerimizin ihtiya\u00e7lar\u0131n\u0131 ve b\u00fct\u00e7elerini \u00f6ncelikli olarak ele al\u0131yoruz ve onlara \u00f6zel olarak tasarlanm\u0131\u015f dan\u0131\u015fmanl\u0131k ve e\u011fitim programlar\u0131 sunarak i\u015fletmelerini s\u00fcrd\u00fcr\u00fclebilir bir gelece\u011fe ta\u015f\u0131may\u0131 hedefliyoruz. Standart bir \u00e7\u00f6z\u00fcm paketimiz yok \u00e7\u00fcnk\u00fc inan\u0131yoruz ki her i\u015fletme, kendi benzersiz \u00f6zelliklerine sahiptir ve s\u00fcrd\u00fcr\u00fclebilirlik hedeflerini ger\u00e7ekle\u015ftirmek i\u00e7in \u00f6zelle\u015ftirilmi\u015f bir yakla\u015f\u0131m gerektirir.<\/p>\t\t\t\t\t\t\t\t<\/div>\n\t\t\t\t<\/div>\n\t\t\t\t<div class=\"elementor-element elementor-element-2d1cba4 elementor-widget elementor-widget-text-editor\" data-id=\"2d1cba4\" data-element_type=\"widget\" data-e-type=\"widget\" data-widget_type=\"text-editor.default\">\n\t\t\t\t<div class=\"elementor-widget-container\">\n\t\t\t\t\t\t\t\t\t<p>Uzman dan\u0131\u015fmanlar\u0131m\u0131z, m\u00fc\u015fterilerimizin \u00f6zel ihtiya\u00e7lar\u0131n\u0131 anlamak i\u00e7in birinci s\u0131n\u0131f bir analiz yapar ve buna dayanarak en uygun dan\u0131\u015fmanl\u0131k ve e\u011fitim \u00e7\u00f6z\u00fcmlerini sunar. Sadece bir dan\u0131\u015fmanl\u0131k \u015firketi olmaktan \u00f6te, bir i\u015f orta\u011f\u0131 olarak m\u00fc\u015fterilerimizin ba\u015far\u0131lar\u0131n\u0131 takip ediyor ve destekliyoruz.\u00a0<\/p>\t\t\t\t\t\t\t\t<\/div>\n\t\t\t\t<\/div>\n\t\t\t\t\t<\/div>\n\t\t<\/div>\n\t\t\t\t<div class=\"elementor-column elementor-col-33 elementor-top-column elementor-element elementor-element-20bfaa5c\" data-id=\"20bfaa5c\" data-element_type=\"column\" data-e-type=\"column\">\n\t\t\t<div class=\"elementor-widget-wrap elementor-element-populated\">\n\t\t\t\t\t\t<div class=\"elementor-element elementor-element-2ea5c476 elementor-widget elementor-widget-image\" data-id=\"2ea5c476\" data-element_type=\"widget\" data-e-type=\"widget\" data-widget_type=\"image.default\">\n\t\t\t\t<div class=\"elementor-widget-container\">\n\t\t\t\t\t\t\t\t\t\t\t\t\t\t\t<img decoding=\"async\" src=\"https:\/\/www.sirketgelisimakademisi.com\/wp-content\/uploads\/elementor\/thumbs\/confident-ceo-shaking-hand-new-male-employee-after-signing-working-agreement-q923lh9wwm60ra5xqdhh2u88yrjrxjl7b613ydzbww.jpg\" title=\"confident-ceo-shaking-hand-new-male-employee-after-signing-working-agreement\" alt=\"confident-ceo-shaking-hand-new-male-employee-after-signing-working-agreement\" loading=\"lazy\" \/>\t\t\t\t\t\t\t\t\t\t\t\t\t\t\t<\/div>\n\t\t\t\t<\/div>\n\t\t\t\t\t<\/div>\n\t\t<\/div>\n\t\t\t\t\t<\/div>\n\t\t<\/section>\n\t\t\t\t<section class=\"elementor-section elementor-top-section elementor-element elementor-element-4ff4404 elementor-section-content-middle elementor-section-stretched elementor-section-boxed elementor-section-height-default elementor-section-height-default\" data-id=\"4ff4404\" data-element_type=\"section\" data-e-type=\"section\" data-settings=\"{&quot;stretch_section&quot;:&quot;section-stretched&quot;,&quot;background_background&quot;:&quot;classic&quot;}\">\n\t\t\t\t\t\t<div class=\"elementor-container elementor-column-gap-no\">\n\t\t\t\t\t<div class=\"elementor-column elementor-col-50 elementor-top-column elementor-element elementor-element-205d64e\" data-id=\"205d64e\" data-element_type=\"column\" data-e-type=\"column\">\n\t\t\t<div class=\"elementor-widget-wrap elementor-element-populated\">\n\t\t\t\t\t\t<div class=\"elementor-element elementor-element-14619ef elementor-widget elementor-widget-heading\" data-id=\"14619ef\" data-element_type=\"widget\" data-e-type=\"widget\" data-widget_type=\"heading.default\">\n\t\t\t\t<div class=\"elementor-widget-container\">\n\t\t\t\t\t<h2 class=\"elementor-heading-title elementor-size-default\">Bizimle i\u015f yapmak ister misiniz?<\/h2>\t\t\t\t<\/div>\n\t\t\t\t<\/div>\n\t\t\t\t<div class=\"elementor-element elementor-element-ce34e3f elementor-widget elementor-widget-text-editor\" data-id=\"ce34e3f\" data-element_type=\"widget\" data-e-type=\"widget\" data-widget_type=\"text-editor.default\">\n\t\t\t\t<div class=\"elementor-widget-container\">\n\t\t\t\t\t\t\t\t\t<p>\u0130htiya\u00e7lar\u0131n\u0131za \u00f6zel dan\u0131\u015fmanl\u0131k ve e\u011fitim \u00e7\u00f6z\u00fcmleri i\u00e7in bize ula\u015f\u0131n!<\/p>\t\t\t\t\t\t\t\t<\/div>\n\t\t\t\t<\/div>\n\t\t\t\t\t<\/div>\n\t\t<\/div>\n\t\t\t\t<div class=\"elementor-column elementor-col-50 elementor-top-column elementor-element elementor-element-8129c4b\" data-id=\"8129c4b\" data-element_type=\"column\" data-e-type=\"column\">\n\t\t\t<div class=\"elementor-widget-wrap elementor-element-populated\">\n\t\t\t\t\t\t<div class=\"elementor-element elementor-element-59f2542 elementor-align-right elementor-mobile-align-left elementor-widget elementor-widget-button\" data-id=\"59f2542\" data-element_type=\"widget\" data-e-type=\"widget\" data-widget_type=\"button.default\">\n\t\t\t\t<div class=\"elementor-widget-container\">\n\t\t\t\t\t\t\t\t\t<div class=\"elementor-button-wrapper\">\n\t\t\t\t\t<a class=\"elementor-button elementor-button-link elementor-size-sm elementor-animation-grow\" href=\"https:\/\/www.sirketgelisimakademisi.com\/index.php\/iletisim\/\">\n\t\t\t\t\t\t<span class=\"elementor-button-content-wrapper\">\n\t\t\t\t\t\t\t\t\t<span class=\"elementor-button-text\">\u00dccretsiz Bilgi \u0130ste<\/span>\n\t\t\t\t\t<\/span>\n\t\t\t\t\t<\/a>\n\t\t\t\t<\/div>\n\t\t\t\t\t\t\t\t<\/div>\n\t\t\t\t<\/div>\n\t\t\t\t\t<\/div>\n\t\t<\/div>\n\t\t\t\t\t<\/div>\n\t\t<\/section>\n\t\t\t\t<\/div>\n\t\t","protected":false},"excerpt":{"rendered":"<p>\u201cKu\u015faktan ku\u015fa\u011fa ge\u00e7en aile i\u015fi i\u00e7in, bireylerin birer \u00f6\u011frenci gibi\u00a0e\u011fitim almalar\u0131 gerekiyor.\u201d JOHN L. WARD, A\u0130LE \u0130\u015eLETMELER\u0130 KONUSUNDA Y\u00d6NET\u0130M GURUSU Neden Biz? G\u00fc\u00e7l\u00fc uzman kadro &nbsp; 20+ Y\u0131ll\u0131k Deneyim Dan\u0131\u015fman&hellip;<\/p>\n<p> <a class=\"more-link\" href=\"https:\/\/www.sirketgelisimakademisi.com\/index.php\/neden-sirket-gelisim-akademisi\/\">Read more<\/a><\/p>\n","protected":false},"author":1,"featured_media":650,"parent":0,"menu_order":0,"comment_status":"closed","ping_status":"closed","template":"","meta":{"om_disable_all_campaigns":false,"_monsterinsights_skip_tracking":false,"_monsterinsights_sitenote_active":false,"_monsterinsights_sitenote_note":"","_monsterinsights_sitenote_category":0,"footnotes":""},"class_list":["post-204","page","type-page","status-publish","has-post-thumbnail"],"aioseo_notices":[],"_links":{"self":[{"href":"https:\/\/www.sirketgelisimakademisi.com\/index.php\/wp-json\/wp\/v2\/pages\/204","targetHints":{"allow":["GET"]}}],"collection":[{"href":"https:\/\/www.sirketgelisimakademisi.com\/index.php\/wp-json\/wp\/v2\/pages"}],"about":[{"href":"https:\/\/www.sirketgelisimakademisi.com\/index.php\/wp-json\/wp\/v2\/types\/page"}],"author":[{"embeddable":true,"href":"https:\/\/www.sirketgelisimakademisi.com\/index.php\/wp-json\/wp\/v2\/users\/1"}],"replies":[{"embeddable":true,"href":"https:\/\/www.sirketgelisimakademisi.com\/index.php\/wp-json\/wp\/v2\/comments?post=204"}],"version-history":[{"count":53,"href":"https:\/\/www.sirketgelisimakademisi.com\/index.php\/wp-json\/wp\/v2\/pages\/204\/revisions"}],"predecessor-version":[{"id":2413,"href":"https:\/\/www.sirketgelisimakademisi.com\/index.php\/wp-json\/wp\/v2\/pages\/204\/revisions\/2413"}],"wp:featuredmedia":[{"embeddable":true,"href":"https:\/\/www.sirketgelisimakademisi.com\/index.php\/wp-json\/wp\/v2\/media\/650"}],"wp:attachment":[{"href":"https:\/\/www.sirketgelisimakademisi.com\/index.php\/wp-json\/wp\/v2\/media?parent=204"}],"curies":[{"name":"wp","href":"https:\/\/api.w.org\/{rel}","templated":true}]}}