{"id":1353,"date":"2023-07-04T13:53:08","date_gmt":"2023-07-04T10:53:08","guid":{"rendered":"https:\/\/www.sirketgelisimakademisi.com\/?page_id=1353"},"modified":"2023-07-12T18:50:12","modified_gmt":"2023-07-12T15:50:12","slug":"referanslarimiz","status":"publish","type":"page","link":"https:\/\/www.sirketgelisimakademisi.com\/index.php\/referanslarimiz\/","title":{"rendered":"Referanslar\u0131m\u0131z"},"content":{"rendered":"\t\t<div data-elementor-type=\"wp-page\" data-elementor-id=\"1353\" class=\"elementor elementor-1353\">\n\t\t\t\t\t\t<section class=\"elementor-section elementor-top-section elementor-element elementor-element-3e82320 elementor-section-height-min-height elementor-section-boxed elementor-section-height-default elementor-section-items-middle\" data-id=\"3e82320\" data-element_type=\"section\" data-e-type=\"section\" data-settings=\"{&quot;background_background&quot;:&quot;classic&quot;}\">\n\t\t\t\t\t\t\t<div class=\"elementor-background-overlay\"><\/div>\n\t\t\t\t\t\t\t<div class=\"elementor-container elementor-column-gap-default\">\n\t\t\t\t\t<div class=\"elementor-column elementor-col-100 elementor-top-column elementor-element elementor-element-4e79c0b\" data-id=\"4e79c0b\" data-element_type=\"column\" data-e-type=\"column\">\n\t\t\t<div class=\"elementor-widget-wrap elementor-element-populated\">\n\t\t\t\t\t\t<div class=\"elementor-element elementor-element-7802188 elementor-widget elementor-widget-heading\" data-id=\"7802188\" data-element_type=\"widget\" data-e-type=\"widget\" data-widget_type=\"heading.default\">\n\t\t\t\t<div class=\"elementor-widget-container\">\n\t\t\t\t\t<h2 class=\"elementor-heading-title elementor-size-default\">Referanslar\u0131m\u0131z<\/h2>\t\t\t\t<\/div>\n\t\t\t\t<\/div>\n\t\t\t\t\t<\/div>\n\t\t<\/div>\n\t\t\t\t\t<\/div>\n\t\t<\/section>\n\t\t\t\t<section class=\"elementor-section elementor-top-section elementor-element elementor-element-23f2ddc elementor-section-boxed elementor-section-height-default elementor-section-height-default\" data-id=\"23f2ddc\" data-element_type=\"section\" data-e-type=\"section\">\n\t\t\t\t\t\t<div class=\"elementor-container elementor-column-gap-default\">\n\t\t\t\t\t<div class=\"elementor-column elementor-col-100 elementor-top-column elementor-element elementor-element-d9e7716\" data-id=\"d9e7716\" data-element_type=\"column\" data-e-type=\"column\">\n\t\t\t<div class=\"elementor-widget-wrap elementor-element-populated\">\n\t\t\t\t\t\t<div class=\"elementor-element elementor-element-4bc5b71 elementor-widget elementor-widget-heading\" data-id=\"4bc5b71\" data-element_type=\"widget\" data-e-type=\"widget\" data-widget_type=\"heading.default\">\n\t\t\t\t<div class=\"elementor-widget-container\">\n\t\t\t\t\t<h2 class=\"elementor-heading-title elementor-size-default\">Referanslar\u0131m\u0131zdan Baz\u0131lar\u0131<\/h2>\t\t\t\t<\/div>\n\t\t\t\t<\/div>\n\t\t\t\t<div class=\"elementor-element elementor-element-f4fa3c2 elementor-widget elementor-widget-text-editor\" data-id=\"f4fa3c2\" data-element_type=\"widget\" data-e-type=\"widget\" data-widget_type=\"text-editor.default\">\n\t\t\t\t<div class=\"elementor-widget-container\">\n\t\t\t\t\t\t\t\t\t<p style=\"text-align: center;\">Dan\u0131\u015fman ve e\u011fitimenlerimizin ge\u00e7mi\u015fte \u00e7al\u0131\u015ft\u0131klar\u0131 ve deneyim kazand\u0131klar\u0131 \u015firketler ile proje \u00e7al\u0131\u015fmalar\u0131nda bulunduklar\u0131 m\u00fc\u015fterilerimizden baz\u0131lar\u0131n\u0131 sizinle payla\u015f\u0131yoruz.<\/p>\t\t\t\t\t\t\t\t<\/div>\n\t\t\t\t<\/div>\n\t\t\t\t\t<\/div>\n\t\t<\/div>\n\t\t\t\t\t<\/div>\n\t\t<\/section>\n\t\t\t\t<section class=\"elementor-section elementor-top-section elementor-element elementor-element-426b7f5 elementor-section-boxed elementor-section-height-default elementor-section-height-default\" data-id=\"426b7f5\" data-element_type=\"section\" data-e-type=\"section\">\n\t\t\t\t\t\t<div class=\"elementor-container elementor-column-gap-default\">\n\t\t\t\t\t<div class=\"elementor-column elementor-col-100 elementor-top-column elementor-element elementor-element-2acd396\" data-id=\"2acd396\" data-element_type=\"column\" data-e-type=\"column\">\n\t\t\t<div class=\"elementor-widget-wrap elementor-element-populated\">\n\t\t\t\t\t\t<section class=\"elementor-section elementor-inner-section elementor-element elementor-element-c50e562 elementor-section-boxed elementor-section-height-default elementor-section-height-default\" data-id=\"c50e562\" data-element_type=\"section\" data-e-type=\"section\">\n\t\t\t\t\t\t<div class=\"elementor-container elementor-column-gap-wide\">\n\t\t\t\t\t<div class=\"elementor-column elementor-col-33 elementor-inner-column elementor-element elementor-element-6662e78\" data-id=\"6662e78\" data-element_type=\"column\" data-e-type=\"column\">\n\t\t\t<div class=\"elementor-widget-wrap elementor-element-populated\">\n\t\t\t\t\t\t<div class=\"elementor-element elementor-element-8549645 elementor-widget elementor-widget-image\" data-id=\"8549645\" data-element_type=\"widget\" data-e-type=\"widget\" data-widget_type=\"image.default\">\n\t\t\t\t<div class=\"elementor-widget-container\">\n\t\t\t\t\t\t\t\t\t\t\t\t\t\t\t<img fetchpriority=\"high\" decoding=\"async\" width=\"510\" height=\"186\" src=\"https:\/\/www.sirketgelisimakademisi.com\/wp-content\/uploads\/2023\/07\/Ulker.png\" class=\"attachment-full size-full wp-image-1398\" alt=\"\" srcset=\"https:\/\/www.sirketgelisimakademisi.com\/wp-content\/uploads\/2023\/07\/Ulker.png 510w, https:\/\/www.sirketgelisimakademisi.com\/wp-content\/uploads\/2023\/07\/Ulker-300x109.png 300w\" sizes=\"(max-width: 510px) 100vw, 510px\" \/>\t\t\t\t\t\t\t\t\t\t\t\t\t\t\t<\/div>\n\t\t\t\t<\/div>\n\t\t\t\t\t<\/div>\n\t\t<\/div>\n\t\t\t\t<div class=\"elementor-column elementor-col-33 elementor-inner-column elementor-element elementor-element-3e1c473\" data-id=\"3e1c473\" data-element_type=\"column\" data-e-type=\"column\">\n\t\t\t<div class=\"elementor-widget-wrap elementor-element-populated\">\n\t\t\t\t\t\t<div class=\"elementor-element elementor-element-7cf80f9 elementor-widget elementor-widget-image\" data-id=\"7cf80f9\" data-element_type=\"widget\" data-e-type=\"widget\" data-widget_type=\"image.default\">\n\t\t\t\t<div class=\"elementor-widget-container\">\n\t\t\t\t\t\t\t\t\t\t\t\t\t\t\t<img decoding=\"async\" width=\"546\" height=\"188\" src=\"https:\/\/www.sirketgelisimakademisi.com\/wp-content\/uploads\/2023\/07\/Yildiz-Holding.png\" class=\"attachment-full size-full wp-image-1399\" alt=\"\" srcset=\"https:\/\/www.sirketgelisimakademisi.com\/wp-content\/uploads\/2023\/07\/Yildiz-Holding.png 546w, https:\/\/www.sirketgelisimakademisi.com\/wp-content\/uploads\/2023\/07\/Yildiz-Holding-300x103.png 300w\" sizes=\"(max-width: 546px) 100vw, 546px\" \/>\t\t\t\t\t\t\t\t\t\t\t\t\t\t\t<\/div>\n\t\t\t\t<\/div>\n\t\t\t\t\t<\/div>\n\t\t<\/div>\n\t\t\t\t<div class=\"elementor-column elementor-col-33 elementor-inner-column elementor-element elementor-element-0a7d31a\" data-id=\"0a7d31a\" data-element_type=\"column\" data-e-type=\"column\">\n\t\t\t<div class=\"elementor-widget-wrap elementor-element-populated\">\n\t\t\t\t\t\t<div class=\"elementor-element elementor-element-95f6827 elementor-widget elementor-widget-image\" data-id=\"95f6827\" data-element_type=\"widget\" data-e-type=\"widget\" data-widget_type=\"image.default\">\n\t\t\t\t<div class=\"elementor-widget-container\">\n\t\t\t\t\t\t\t\t\t\t\t\t\t\t\t<img decoding=\"async\" width=\"610\" height=\"212\" src=\"https:\/\/www.sirketgelisimakademisi.com\/wp-content\/uploads\/2023\/07\/Turkiye-Finans.png\" class=\"attachment-full size-full wp-image-1397\" alt=\"\" srcset=\"https:\/\/www.sirketgelisimakademisi.com\/wp-content\/uploads\/2023\/07\/Turkiye-Finans.png 610w, https:\/\/www.sirketgelisimakademisi.com\/wp-content\/uploads\/2023\/07\/Turkiye-Finans-300x104.png 300w\" sizes=\"(max-width: 610px) 100vw, 610px\" \/>\t\t\t\t\t\t\t\t\t\t\t\t\t\t\t<\/div>\n\t\t\t\t<\/div>\n\t\t\t\t\t<\/div>\n\t\t<\/div>\n\t\t\t\t\t<\/div>\n\t\t<\/section>\n\t\t\t\t<section class=\"elementor-section elementor-inner-section elementor-element elementor-element-a8b23b6 elementor-section-boxed elementor-section-height-default elementor-section-height-default\" data-id=\"a8b23b6\" data-element_type=\"section\" data-e-type=\"section\">\n\t\t\t\t\t\t<div class=\"elementor-container elementor-column-gap-wide\">\n\t\t\t\t\t<div class=\"elementor-column elementor-col-33 elementor-inner-column elementor-element elementor-element-5f8a20a\" data-id=\"5f8a20a\" data-element_type=\"column\" data-e-type=\"column\">\n\t\t\t<div class=\"elementor-widget-wrap elementor-element-populated\">\n\t\t\t\t\t\t<div class=\"elementor-element elementor-element-0f5c5bf elementor-widget elementor-widget-image\" data-id=\"0f5c5bf\" data-element_type=\"widget\" data-e-type=\"widget\" data-widget_type=\"image.default\">\n\t\t\t\t<div class=\"elementor-widget-container\">\n\t\t\t\t\t\t\t\t\t\t\t\t\t\t\t<img loading=\"lazy\" decoding=\"async\" width=\"261\" height=\"177\" src=\"https:\/\/www.sirketgelisimakademisi.com\/wp-content\/uploads\/2021\/12\/saatstore.jpg\" class=\"attachment-full size-full wp-image-636\" alt=\"\" \/>\t\t\t\t\t\t\t\t\t\t\t\t\t\t\t<\/div>\n\t\t\t\t<\/div>\n\t\t\t\t\t<\/div>\n\t\t<\/div>\n\t\t\t\t<div class=\"elementor-column elementor-col-33 elementor-inner-column elementor-element elementor-element-b38025c\" data-id=\"b38025c\" data-element_type=\"column\" data-e-type=\"column\">\n\t\t\t<div class=\"elementor-widget-wrap elementor-element-populated\">\n\t\t\t\t\t\t<div class=\"elementor-element elementor-element-e93a34a elementor-widget elementor-widget-image\" data-id=\"e93a34a\" data-element_type=\"widget\" data-e-type=\"widget\" data-widget_type=\"image.default\">\n\t\t\t\t<div class=\"elementor-widget-container\">\n\t\t\t\t\t\t\t\t\t\t\t\t\t\t\t<img loading=\"lazy\" decoding=\"async\" width=\"261\" height=\"177\" src=\"https:\/\/www.sirketgelisimakademisi.com\/wp-content\/uploads\/2021\/12\/celikcan.jpg\" class=\"attachment-full size-full wp-image-626\" alt=\"\" \/>\t\t\t\t\t\t\t\t\t\t\t\t\t\t\t<\/div>\n\t\t\t\t<\/div>\n\t\t\t\t\t<\/div>\n\t\t<\/div>\n\t\t\t\t<div class=\"elementor-column elementor-col-33 elementor-inner-column elementor-element elementor-element-453c9a3\" data-id=\"453c9a3\" data-element_type=\"column\" data-e-type=\"column\">\n\t\t\t<div class=\"elementor-widget-wrap elementor-element-populated\">\n\t\t\t\t\t\t<div class=\"elementor-element elementor-element-e7fdf89 elementor-widget elementor-widget-image\" data-id=\"e7fdf89\" data-element_type=\"widget\" data-e-type=\"widget\" data-widget_type=\"image.default\">\n\t\t\t\t<div class=\"elementor-widget-container\">\n\t\t\t\t\t\t\t\t\t\t\t\t\t\t\t<img loading=\"lazy\" decoding=\"async\" width=\"261\" height=\"177\" src=\"https:\/\/www.sirketgelisimakademisi.com\/wp-content\/uploads\/2021\/12\/Badel.jpg\" class=\"attachment-full size-full wp-image-625\" alt=\"\" \/>\t\t\t\t\t\t\t\t\t\t\t\t\t\t\t<\/div>\n\t\t\t\t<\/div>\n\t\t\t\t\t<\/div>\n\t\t<\/div>\n\t\t\t\t\t<\/div>\n\t\t<\/section>\n\t\t\t\t<section class=\"elementor-section elementor-inner-section elementor-element elementor-element-1607956 elementor-section-boxed elementor-section-height-default elementor-section-height-default\" data-id=\"1607956\" data-element_type=\"section\" data-e-type=\"section\">\n\t\t\t\t\t\t<div class=\"elementor-container elementor-column-gap-wide\">\n\t\t\t\t\t<div class=\"elementor-column elementor-col-33 elementor-inner-column elementor-element elementor-element-1facbf3\" data-id=\"1facbf3\" data-element_type=\"column\" data-e-type=\"column\">\n\t\t\t<div class=\"elementor-widget-wrap elementor-element-populated\">\n\t\t\t\t\t\t<div class=\"elementor-element elementor-element-4f3e4e8 elementor-widget elementor-widget-image\" data-id=\"4f3e4e8\" data-element_type=\"widget\" data-e-type=\"widget\" data-widget_type=\"image.default\">\n\t\t\t\t<div class=\"elementor-widget-container\">\n\t\t\t\t\t\t\t\t\t\t\t\t\t\t\t<img loading=\"lazy\" decoding=\"async\" width=\"656\" height=\"420\" src=\"https:\/\/www.sirketgelisimakademisi.com\/wp-content\/uploads\/2023\/07\/Hisar-Turizm.png\" class=\"attachment-full size-full wp-image-1396\" alt=\"\" srcset=\"https:\/\/www.sirketgelisimakademisi.com\/wp-content\/uploads\/2023\/07\/Hisar-Turizm.png 656w, https:\/\/www.sirketgelisimakademisi.com\/wp-content\/uploads\/2023\/07\/Hisar-Turizm-300x192.png 300w\" sizes=\"(max-width: 656px) 100vw, 656px\" \/>\t\t\t\t\t\t\t\t\t\t\t\t\t\t\t<\/div>\n\t\t\t\t<\/div>\n\t\t\t\t\t<\/div>\n\t\t<\/div>\n\t\t\t\t<div class=\"elementor-column elementor-col-33 elementor-inner-column elementor-element elementor-element-32571b0\" data-id=\"32571b0\" data-element_type=\"column\" data-e-type=\"column\">\n\t\t\t<div class=\"elementor-widget-wrap elementor-element-populated\">\n\t\t\t\t\t\t<div class=\"elementor-element elementor-element-d878864 elementor-widget elementor-widget-image\" data-id=\"d878864\" data-element_type=\"widget\" data-e-type=\"widget\" data-widget_type=\"image.default\">\n\t\t\t\t<div class=\"elementor-widget-container\">\n\t\t\t\t\t\t\t\t\t\t\t\t\t\t\t<img loading=\"lazy\" decoding=\"async\" width=\"1024\" height=\"428\" src=\"https:\/\/www.sirketgelisimakademisi.com\/wp-content\/uploads\/2023\/07\/mhr-partners.png\" class=\"attachment-full size-full wp-image-1406\" alt=\"\" srcset=\"https:\/\/www.sirketgelisimakademisi.com\/wp-content\/uploads\/2023\/07\/mhr-partners.png 1024w, https:\/\/www.sirketgelisimakademisi.com\/wp-content\/uploads\/2023\/07\/mhr-partners-300x125.png 300w, https:\/\/www.sirketgelisimakademisi.com\/wp-content\/uploads\/2023\/07\/mhr-partners-768x321.png 768w\" sizes=\"(max-width: 1024px) 100vw, 1024px\" \/>\t\t\t\t\t\t\t\t\t\t\t\t\t\t\t<\/div>\n\t\t\t\t<\/div>\n\t\t\t\t\t<\/div>\n\t\t<\/div>\n\t\t\t\t<div class=\"elementor-column elementor-col-33 elementor-inner-column elementor-element elementor-element-8507378\" data-id=\"8507378\" data-element_type=\"column\" data-e-type=\"column\">\n\t\t\t<div class=\"elementor-widget-wrap elementor-element-populated\">\n\t\t\t\t\t\t<div class=\"elementor-element elementor-element-cf922b1 elementor-widget elementor-widget-image\" data-id=\"cf922b1\" data-element_type=\"widget\" data-e-type=\"widget\" data-widget_type=\"image.default\">\n\t\t\t\t<div class=\"elementor-widget-container\">\n\t\t\t\t\t\t\t\t\t\t\t\t\t\t\t<img loading=\"lazy\" decoding=\"async\" width=\"261\" height=\"177\" src=\"https:\/\/www.sirketgelisimakademisi.com\/wp-content\/uploads\/2021\/12\/WhatsApp-Image-2021-12-07-at-16.01.37-1.jpeg\" class=\"attachment-medium_large size-medium_large wp-image-523\" alt=\"\" \/>\t\t\t\t\t\t\t\t\t\t\t\t\t\t\t<\/div>\n\t\t\t\t<\/div>\n\t\t\t\t\t<\/div>\n\t\t<\/div>\n\t\t\t\t\t<\/div>\n\t\t<\/section>\n\t\t\t\t<section class=\"elementor-section elementor-inner-section elementor-element elementor-element-4ecb990 elementor-section-boxed elementor-section-height-default elementor-section-height-default\" data-id=\"4ecb990\" data-element_type=\"section\" data-e-type=\"section\">\n\t\t\t\t\t\t<div class=\"elementor-container elementor-column-gap-wide\">\n\t\t\t\t\t<div class=\"elementor-column elementor-col-33 elementor-inner-column elementor-element elementor-element-ffeaa4b\" data-id=\"ffeaa4b\" data-element_type=\"column\" data-e-type=\"column\">\n\t\t\t<div class=\"elementor-widget-wrap elementor-element-populated\">\n\t\t\t\t\t\t<div class=\"elementor-element elementor-element-a8792a3 elementor-widget elementor-widget-image\" data-id=\"a8792a3\" data-element_type=\"widget\" data-e-type=\"widget\" data-widget_type=\"image.default\">\n\t\t\t\t<div class=\"elementor-widget-container\">\n\t\t\t\t\t\t\t\t\t\t\t\t\t\t\t<img loading=\"lazy\" decoding=\"async\" width=\"201\" height=\"250\" src=\"https:\/\/www.sirketgelisimakademisi.com\/wp-content\/uploads\/2023\/07\/veritasbureau.png\" class=\"attachment-full size-full wp-image-1807\" alt=\"\" \/>\t\t\t\t\t\t\t\t\t\t\t\t\t\t\t<\/div>\n\t\t\t\t<\/div>\n\t\t\t\t\t<\/div>\n\t\t<\/div>\n\t\t\t\t<div class=\"elementor-column elementor-col-33 elementor-inner-column elementor-element elementor-element-01d528a\" data-id=\"01d528a\" data-element_type=\"column\" data-e-type=\"column\">\n\t\t\t<div class=\"elementor-widget-wrap\">\n\t\t\t\t\t\t\t<\/div>\n\t\t<\/div>\n\t\t\t\t<div class=\"elementor-column elementor-col-33 elementor-inner-column elementor-element elementor-element-120a6ed\" data-id=\"120a6ed\" data-element_type=\"column\" data-e-type=\"column\">\n\t\t\t<div class=\"elementor-widget-wrap\">\n\t\t\t\t\t\t\t<\/div>\n\t\t<\/div>\n\t\t\t\t\t<\/div>\n\t\t<\/section>\n\t\t\t\t\t<\/div>\n\t\t<\/div>\n\t\t\t\t\t<\/div>\n\t\t<\/section>\n\t\t\t\t<\/div>\n\t\t","protected":false},"excerpt":{"rendered":"<p>Referanslar\u0131m\u0131z Referanslar\u0131m\u0131zdan Baz\u0131lar\u0131 Dan\u0131\u015fman ve e\u011fitimenlerimizin ge\u00e7mi\u015fte \u00e7al\u0131\u015ft\u0131klar\u0131 ve deneyim kazand\u0131klar\u0131 \u015firketler ile proje \u00e7al\u0131\u015fmalar\u0131nda bulunduklar\u0131 m\u00fc\u015fterilerimizden baz\u0131lar\u0131n\u0131 sizinle payla\u015f\u0131yoruz.<\/p>\n","protected":false},"author":4,"featured_media":0,"parent":0,"menu_order":0,"comment_status":"closed","ping_status":"closed","template":"elementor_header_footer","meta":{"om_disable_all_campaigns":false,"_monsterinsights_skip_tracking":false,"_monsterinsights_sitenote_active":false,"_monsterinsights_sitenote_note":"","_monsterinsights_sitenote_category":0,"footnotes":""},"class_list":["post-1353","page","type-page","status-publish"],"aioseo_notices":[],"_links":{"self":[{"href":"https:\/\/www.sirketgelisimakademisi.com\/index.php\/wp-json\/wp\/v2\/pages\/1353","targetHints":{"allow":["GET"]}}],"collection":[{"href":"https:\/\/www.sirketgelisimakademisi.com\/index.php\/wp-json\/wp\/v2\/pages"}],"about":[{"href":"https:\/\/www.sirketgelisimakademisi.com\/index.php\/wp-json\/wp\/v2\/types\/page"}],"author":[{"embeddable":true,"href":"https:\/\/www.sirketgelisimakademisi.com\/index.php\/wp-json\/wp\/v2\/users\/4"}],"replies":[{"embeddable":true,"href":"https:\/\/www.sirketgelisimakademisi.com\/index.php\/wp-json\/wp\/v2\/comments?post=1353"}],"version-history":[{"count":64,"href":"https:\/\/www.sirketgelisimakademisi.com\/index.php\/wp-json\/wp\/v2\/pages\/1353\/revisions"}],"predecessor-version":[{"id":2209,"href":"https:\/\/www.sirketgelisimakademisi.com\/index.php\/wp-json\/wp\/v2\/pages\/1353\/revisions\/2209"}],"wp:attachment":[{"href":"https:\/\/www.sirketgelisimakademisi.com\/index.php\/wp-json\/wp\/v2\/media?parent=1353"}],"curies":[{"name":"wp","href":"https:\/\/api.w.org\/{rel}","templated":true}]}}